{"id":298,"date":"2022-10-25T12:37:43","date_gmt":"2022-10-25T12:37:43","guid":{"rendered":"https:\/\/schmidsped.de\/?page_id=298"},"modified":"2022-10-25T13:12:03","modified_gmt":"2022-10-25T13:12:03","slug":"teluro","status":"publish","type":"page","link":"https:\/\/schmidsped.de\/","title":{"rendered":"Front Page"},"content":{"rendered":"<div data-colibri-id=\"298-c1\" class=\"style-194 style-local-298-c1 position-relative\">\n  <!---->\n  <div data-colibri-component=\"section\" data-colibri-id=\"298-c2\" id=\"overlappable\" class=\"h-section h-section-global-spacing d-flex align-items-lg-center align-items-md-center align-items-center style-195 style-local-298-c2 position-relative\">\n    <!---->\n    <!---->\n    <div class=\"h-section-grid-container h-section-boxed-container\">\n      <!---->\n      <div data-colibri-id=\"298-c3\" class=\"h-row-container gutters-row-lg-0 gutters-row-md-0 gutters-row-2 gutters-row-v-lg-0 gutters-row-v-md-0 gutters-row-v-2 style-196 style-local-298-c3 position-relative\">\n        <!---->\n        <div class=\"h-row justify-content-lg-center justify-content-md-center justify-content-center align-items-lg-stretch align-items-md-stretch align-items-stretch gutters-col-lg-0 gutters-col-md-0 gutters-col-2 gutters-col-v-lg-0 gutters-col-v-md-0 gutters-col-v-2\">\n          <!---->\n          <div class=\"h-column h-column-container d-flex h-col-lg-3 h-col-md-3 h-col-12 style-197-outer style-local-298-c4-outer\">\n            <div data-colibri-id=\"298-c4\" class=\"d-flex h-flex-basis h-column__inner h-px-lg-3 h-px-md-3 h-px-2 v-inner-lg-3 v-inner-md-3 v-inner-2 style-197 style-local-298-c4 position-relative\">\n              <!---->\n              <!---->\n              <div class=\"w-100 h-y-container h-column__content h-column__v-align flex-basis-100 align-self-lg-center align-self-md-center align-self-center\">\n                <!---->\n                <div data-colibri-id=\"298-c5\" class=\"h-icon style-198 style-local-298-c5 position-relative h-element\">\n                  <!----><span class=\"h-svg-icon h-icon__icon style-198-icon style-local-298-c5-icon\"><!--Icon by Font Awesome (https:\/\/fontawesome.com)-->\n    <svg version=\"1.1\" xmlns=\"http:\/\/www.w3.org\/2000\/svg\" xmlns:xlink=\"http:\/\/www.w3.org\/1999\/xlink\" id=\"comments\" viewBox=\"0 0 1792 1896.0833\">\n      <path d=\"M1408 768q0 139-94 257t-256.5 186.5T704 1280q-86 0-176-16-124 88-278 128-36 9-86 16h-3q-11 0-20.5-8t-11.5-21q-1-3-1-6.5t.5-6.5 2-6l2.5-5 3.5-5.5 4-5 4.5-5 4-4.5q5-6 23-25t26-29.5 22.5-29 25-38.5 20.5-44q-124-72-195-177T0 768q0-139 94-257t256.5-186.5T704 256t353.5 68.5T1314 511t94 257zm384 256q0 120-71 224.5T1526 1425q10 24 20.5 44t25 38.5 22.5 29 26 29.5 23 25q1 1 4 4.5t4.5 5 4 5 3.5 5.5l2.5 5 2 6 .5 6.5-1 6.5q-3 14-13 22t-22 7q-50-7-86-16-154-40-278-128-90 16-176 16-271 0-472-132 58 4 88 4 161 0 309-45t264-129q125-92 192-212t67-254q0-77-23-152 129 71 204 178t75 230z\"><\/path>\n    <\/svg><\/span><\/div>\n                <div data-colibri-id=\"298-c6\" class=\"h-global-transition-all h-heading style-199 style-local-298-c6 position-relative h-element\">\n                  <!---->\n                  <div class=\"h-heading__outer style-199 style-local-298-c6\">\n                    <!---->\n                    <!---->\n                    <h5 class=\"\">Kurze Kommunikationswege <\/h5>\n                  <\/div>\n                <\/div>\n                <div data-colibri-id=\"298-c7\" class=\"h-text h-text-component style-200 style-local-298-c7 position-relative h-element\">\n                  <!---->\n                  <!---->\n                  <div class=\"\">\n                    <p>Immer den richtigen Ansprechpartner im Betrieb am Telefon &#8211; die Vorz\u00fcge eines Familienbetriebs\n                      <br>\n                    <\/p>\n                  <\/div>\n                <\/div>\n              <\/div>\n            <\/div>\n          <\/div>\n          <div class=\"h-column h-column-container d-flex h-col-lg-3 h-col-md-3 h-col-12 style-197-outer style-local-298-c8-outer\">\n            <div data-colibri-id=\"298-c8\" class=\"d-flex h-flex-basis h-column__inner h-px-lg-3 h-px-md-3 h-px-2 v-inner-lg-3 v-inner-md-3 v-inner-2 style-197 style-local-298-c8 position-relative\">\n              <!---->\n              <!---->\n              <div class=\"w-100 h-y-container h-column__content h-column__v-align flex-basis-100 align-self-lg-center align-self-md-center align-self-center\">\n                <!---->\n                <div data-colibri-id=\"298-c9\" class=\"h-icon style-198 style-local-298-c9 position-relative h-element\">\n                  <!----><span class=\"h-svg-icon h-icon__icon style-198-icon style-local-298-c9-icon\"><!--Icon by Font Awesome (https:\/\/fontawesome.com)-->\n    <svg version=\"1.1\" xmlns=\"http:\/\/www.w3.org\/2000\/svg\" xmlns:xlink=\"http:\/\/www.w3.org\/1999\/xlink\" id=\"truck\" viewBox=\"0 0 1792 1896.0833\">\n      <path d=\"M640 1408q0-52-38-90t-90-38-90 38-38 90 38 90 90 38 90-38 38-90zM256 896h384V640H482q-13 0-22 9L265 844q-9 9-9 22v30zm1280 512q0-52-38-90t-90-38-90 38-38 90 38 90 90 38 90-38 38-90zm256-1088v1024q0 15-4 26.5t-13.5 18.5-16.5 11.5-23.5 6-22.5 2-25.5 0-22.5-.5q0 106-75 181t-181 75-181-75-75-181H768q0 106-75 181t-181 75-181-75-75-181h-64q-3 0-22.5.5t-25.5 0-22.5-2-23.5-6-16.5-11.5-13.5-18.5-4-26.5q0-26 19-45t45-19V960q0-8-.5-35t0-38 2.5-34.5 6.5-37 14-30.5 22.5-30l198-198q19-19 50.5-32t58.5-13h160V320q0-26 19-45t45-19h1024q26 0 45 19t19 45z\"><\/path>\n    <\/svg><\/span><\/div>\n                <div data-colibri-id=\"298-c10\" class=\"h-global-transition-all h-heading style-199 style-local-298-c10 position-relative h-element\">\n                  <!---->\n                  <div class=\"h-heading__outer style-199 style-local-298-c10\">\n                    <!---->\n                    <!---->\n                    <h5 class=\"\">spezialfahrzeuge<\/h5>\n                  <\/div>\n                <\/div>\n                <div data-colibri-id=\"298-c11\" class=\"h-text h-text-component style-200 style-local-298-c11 position-relative h-element\">\n                  <!---->\n                  <!---->\n                  <div class=\"\">\n                    <p>F\u00fcr jeden Kunden das richtige Fahrzeug &#8211; im G\u00fctertransport unabdingbar\n                      <br>\n                    <\/p>\n                  <\/div>\n                <\/div>\n              <\/div>\n            <\/div>\n          <\/div>\n          <div class=\"h-column h-column-container d-flex h-col-lg-3 h-col-md-3 h-col-12 style-197-outer style-local-298-c12-outer\">\n            <div data-colibri-id=\"298-c12\" class=\"d-flex h-flex-basis h-column__inner h-px-lg-3 h-px-md-3 h-px-2 v-inner-lg-3 v-inner-md-3 v-inner-2 style-197 style-local-298-c12 position-relative\">\n              <!---->\n              <!---->\n              <div class=\"w-100 h-y-container h-column__content h-column__v-align flex-basis-100 align-self-lg-center align-self-md-center align-self-center\">\n                <!---->\n                <div data-colibri-id=\"298-c13\" class=\"h-icon style-198 style-local-298-c13 position-relative h-element\">\n                  <!----><span class=\"h-svg-icon h-icon__icon style-198-icon style-local-298-c13-icon\"><!--Icon by Font Awesome (https:\/\/fontawesome.com)-->\n    <svg version=\"1.1\" xmlns=\"http:\/\/www.w3.org\/2000\/svg\" xmlns:xlink=\"http:\/\/www.w3.org\/1999\/xlink\" id=\"street-view\" viewBox=\"0 0 1536 1896.0833\">\n      <path d=\"M1408 1536q0 63-61.5 113.5t-164 81-225 46T704 1792t-253.5-15.5-225-46-164-81T0 1536q0-49 33-88.5t91-66.5 118-44.5 131-29.5q26-5 48 10.5t26 41.5q5 26-10.5 48t-41.5 26q-58 10-106 23.5t-76.5 25.5-48.5 23.5-27.5 19.5-8.5 12q3 11 27 26.5t73 33 114 32.5 160.5 25 201.5 10 201.5-10 160.5-25 114-33 73-33.5 27-27.5q-1-4-8.5-11t-27.5-19-48.5-23.5-76.5-25-106-23.5q-26-4-41.5-26t-10.5-48q4-26 26-41.5t48-10.5q71 12 131 29.5t118 44.5 91 66.5 33 88.5zm-384-896v384q0 26-19 45t-45 19h-64v384q0 26-19 45t-45 19H576q-26 0-45-19t-19-45v-384h-64q-26 0-45-19t-19-45V640q0-53 37.5-90.5T512 512h384q53 0 90.5 37.5T1024 640zm-96-384q0 93-65.5 158.5T704 480t-158.5-65.5T480 256t65.5-158.5T704 32t158.5 65.5T928 256z\"><\/path>\n    <\/svg><\/span><\/div>\n                <div data-colibri-id=\"298-c14\" class=\"h-global-transition-all h-heading style-199 style-local-298-c14 position-relative h-element\">\n                  <!---->\n                  <div class=\"h-heading__outer style-199 style-local-298-c14\">\n                    <!---->\n                    <!---->\n                    <h5 class=\"\">Sendungsverfolgung<\/h5>\n                  <\/div>\n                <\/div>\n                <div data-colibri-id=\"298-c15\" class=\"h-text h-text-component style-200 style-local-298-c15 position-relative h-element\">\n                  <!---->\n                  <!---->\n                  <div class=\"\">\n                    <p>Zu jeder Zeit den Standort ihrer Ware durch GPS-\u00dcberwachung der kompletten Flotte\n                      <br>\n                    <\/p>\n                  <\/div>\n                <\/div>\n              <\/div>\n            <\/div>\n          <\/div>\n          <div class=\"h-column h-column-container d-flex h-col-lg-3 h-col-md-3 h-col-12 style-197-outer style-local-298-c16-outer\">\n            <div data-colibri-id=\"298-c16\" class=\"d-flex h-flex-basis h-column__inner h-px-lg-3 h-px-md-3 h-px-2 v-inner-lg-3 v-inner-md-3 v-inner-2 style-197 style-local-298-c16 position-relative\">\n              <!---->\n              <!---->\n              <div class=\"w-100 h-y-container h-column__content h-column__v-align flex-basis-100 align-self-lg-center align-self-md-center align-self-center\">\n                <!---->\n                <div data-colibri-id=\"298-c17\" class=\"h-icon style-198 style-local-298-c17 position-relative h-element\">\n                  <!----><span class=\"h-svg-icon h-icon__icon style-198-icon style-local-298-c17-icon\"><!--Icon by Font Awesome (https:\/\/fontawesome.com)-->\n    <svg version=\"1.1\" xmlns=\"http:\/\/www.w3.org\/2000\/svg\" xmlns:xlink=\"http:\/\/www.w3.org\/1999\/xlink\" id=\"question-circle-o\" viewBox=\"0 0 1536 1896.0833\">\n      <path d=\"M880 1200v160q0 14-9 23t-23 9H688q-14 0-23-9t-9-23v-160q0-14 9-23t23-9h160q14 0 23 9t9 23zm256-496q0 50-15 90t-45.5 69-52 44-59.5 36q-32 18-46.5 28t-26 24-11.5 29v32q0 14-9 23t-23 9H688q-14 0-23-9t-9-23v-68q0-35 10.5-64.5t24-47.5 39-35.5 41-25.5 44.5-21q53-25 75-43t22-49q0-42-43.5-71.5T773 601q-56 0-95 27-29 20-80 83-9 12-25 12-11 0-19-6l-108-82q-10-7-12-20t5-23q122-192 349-192 129 0 238.5 89.5T1136 704zM768 256q-130 0-248.5 51t-204 136.5-136.5 204T128 896t51 248.5 136.5 204 204 136.5 248.5 51 248.5-51 204-136.5 136.5-204 51-248.5-51-248.5-136.5-204-204-136.5T768 256zm768 640q0 209-103 385.5T1153.5 1561 768 1664t-385.5-103T103 1281.5 0 896t103-385.5T382.5 231 768 128t385.5 103T1433 510.5 1536 896z\"><\/path>\n    <\/svg><\/span><\/div>\n                <div data-colibri-id=\"298-c18\" class=\"h-global-transition-all h-heading style-199 style-local-298-c18 position-relative h-element\">\n                  <!---->\n                  <div class=\"h-heading__outer style-199 style-local-298-c18\">\n                    <!---->\n                    <!---->\n                    <h5 class=\"\">Know-how <\/h5>\n                  <\/div>\n                <\/div>\n                <div data-colibri-id=\"298-c19\" class=\"h-text h-text-component style-200 style-local-298-c19 position-relative h-element\">\n                  <!---->\n                  <!---->\n                  <div class=\"\">\n                    <p>Seit 1928 mittlerweile in der vierten Generation im Transportgesch\u00e4ft &#8211; \u00dcber 45 Jahre Erfahrung im Glastransport\n                      <br>\n                    <\/p>\n                  <\/div>\n                <\/div>\n              <\/div>\n            <\/div>\n          <\/div>\n        <\/div>\n      <\/div>\n    <\/div>\n  <\/div>\n<\/div>","protected":false},"excerpt":{"rendered":"<p>Kurze Kommunikationswege Immer den richtigen Ansprechpartner im Betrieb am Telefon &#8211; die Vorz\u00fcge eines Familienbetriebs spezialfahrzeuge F\u00fcr jeden Kunden das richtige Fahrzeug &#8211; im G\u00fctertransport unabdingbar Sendungsverfolgung Zu jeder Zeit den Standort ihrer Ware durch GPS-\u00dcberwachung der kompletten Flotte Know-how Seit 1928 mittlerweile in der vierten Generation im Transportgesch\u00e4ft &#8211; \u00dcber 45 Jahre Erfahrung im [&hellip;]<\/p>\n","protected":false},"author":1,"featured_media":0,"parent":0,"menu_order":0,"comment_status":"closed","ping_status":"closed","template":"page-templates\/homepage.php","meta":{"ngg_post_thumbnail":0,"footnotes":""},"class_list":["post-298","page","type-page","status-publish","hentry"],"_links":{"self":[{"href":"https:\/\/schmidsped.de\/index.php?rest_route=\/wp\/v2\/pages\/298","targetHints":{"allow":["GET"]}}],"collection":[{"href":"https:\/\/schmidsped.de\/index.php?rest_route=\/wp\/v2\/pages"}],"about":[{"href":"https:\/\/schmidsped.de\/index.php?rest_route=\/wp\/v2\/types\/page"}],"author":[{"embeddable":true,"href":"https:\/\/schmidsped.de\/index.php?rest_route=\/wp\/v2\/users\/1"}],"replies":[{"embeddable":true,"href":"https:\/\/schmidsped.de\/index.php?rest_route=%2Fwp%2Fv2%2Fcomments&post=298"}],"version-history":[{"count":7,"href":"https:\/\/schmidsped.de\/index.php?rest_route=\/wp\/v2\/pages\/298\/revisions"}],"predecessor-version":[{"id":442,"href":"https:\/\/schmidsped.de\/index.php?rest_route=\/wp\/v2\/pages\/298\/revisions\/442"}],"wp:attachment":[{"href":"https:\/\/schmidsped.de\/index.php?rest_route=%2Fwp%2Fv2%2Fmedia&parent=298"}],"curies":[{"name":"wp","href":"https:\/\/api.w.org\/{rel}","templated":true}]}}